{"id":4250,"date":"2025-10-08T07:02:39","date_gmt":"2025-10-08T12:02:39","guid":{"rendered":"https:\/\/clooma.ai\/?page_id=4250"},"modified":"2025-11-25T07:37:28","modified_gmt":"2025-11-25T13:37:28","slug":"business-case-luxury-manufacturing","status":"publish","type":"page","link":"https:\/\/clooma.ai\/de\/business-case-luxury-manufacturing\/","title":{"rendered":"Business Case: Luxury Manufacturing"},"content":{"rendered":"","protected":false},"excerpt":{"rendered":"","protected":false},"author":4,"featured_media":0,"parent":0,"menu_order":0,"comment_status":"closed","ping_status":"closed","template":"","meta":{"_acf_changed":false,"footnotes":""},"categories":[],"tags":[],"class_list":["post-4250","page","type-page","status-publish","hentry"],"acf":[],"yoast_head":"<!-- This site is optimized with the Yoast SEO plugin v25.9 - https:\/\/yoast.com\/wordpress\/plugins\/seo\/ -->\n<title>Business Case : Luxury Manufacturing - Clooma<\/title>\n<meta name=\"description\" content=\"Our expertise in the Luxury Industry. Discover our Business Cases and how CLOOMA helps you closed the loop.\" \/>\n<meta name=\"robots\" content=\"index, follow, max-snippet:-1, max-image-preview:large, max-video-preview:-1\" \/>\n<link rel=\"canonical\" href=\"https:\/\/clooma.ai\/de\/business-case-luxury-manufacturing\/\" \/>\n<meta property=\"og:locale\" content=\"de_DE\" \/>\n<meta property=\"og:type\" content=\"article\" \/>\n<meta property=\"og:title\" content=\"Business Case : Luxury Manufacturing - Clooma\" \/>\n<meta property=\"og:description\" content=\"Our expertise in the Luxury Industry. Discover our Business Cases and how CLOOMA helps you closed the loop.\" \/>\n<meta property=\"og:url\" content=\"https:\/\/clooma.ai\/de\/business-case-luxury-manufacturing\/\" \/>\n<meta property=\"og:site_name\" content=\"Clooma\" \/>\n<meta property=\"article:modified_time\" content=\"2025-11-25T13:37:28+00:00\" \/>\n<meta name=\"twitter:card\" content=\"summary_large_image\" \/>\n<meta name=\"twitter:label1\" content=\"Gesch\u00e4tzte Lesezeit\" \/>\n\t<meta name=\"twitter:data1\" content=\"4\u00a0Minuten\" \/>\n<script type=\"application\/ld+json\" class=\"yoast-schema-graph\">{\"@context\":\"https:\/\/schema.org\",\"@graph\":[{\"@type\":\"WebPage\",\"@id\":\"https:\/\/clooma.ai\/business-case-luxury-manufacturing\/\",\"url\":\"https:\/\/clooma.ai\/business-case-luxury-manufacturing\/\",\"name\":\"Business Case : Luxury Manufacturing - Clooma\",\"isPartOf\":{\"@id\":\"https:\/\/clooma.ai\/#website\"},\"datePublished\":\"2025-10-08T12:02:39+00:00\",\"dateModified\":\"2025-11-25T13:37:28+00:00\",\"description\":\"Our expertise in the Luxury Industry. Discover our Business Cases and how CLOOMA helps you closed the loop.\",\"breadcrumb\":{\"@id\":\"https:\/\/clooma.ai\/business-case-luxury-manufacturing\/#breadcrumb\"},\"inLanguage\":\"de\",\"potentialAction\":[{\"@type\":\"ReadAction\",\"target\":[\"https:\/\/clooma.ai\/business-case-luxury-manufacturing\/\"]}]},{\"@type\":\"BreadcrumbList\",\"@id\":\"https:\/\/clooma.ai\/business-case-luxury-manufacturing\/#breadcrumb\",\"itemListElement\":[{\"@type\":\"ListItem\",\"position\":1,\"name\":\"Accueil\",\"item\":\"https:\/\/clooma.ai\/\"},{\"@type\":\"ListItem\",\"position\":2,\"name\":\"Business Case : Luxury Manufacturing\"}]},{\"@type\":\"WebSite\",\"@id\":\"https:\/\/clooma.ai\/#website\",\"url\":\"https:\/\/clooma.ai\/\",\"name\":\"Clooma\",\"description\":\"Close the loop, master the future\",\"potentialAction\":[{\"@type\":\"SearchAction\",\"target\":{\"@type\":\"EntryPoint\",\"urlTemplate\":\"https:\/\/clooma.ai\/?s={search_term_string}\"},\"query-input\":{\"@type\":\"PropertyValueSpecification\",\"valueRequired\":true,\"valueName\":\"search_term_string\"}}],\"inLanguage\":\"de\"}]}<\/script>\n<!-- \/ Yoast SEO plugin. -->","yoast_head_json":{"title":"Business Case: Luxury Manufacturing - Clooma","description":"Unser Fachwissen in der Luxusindustrie. Entdecken Sie unsere Gesch\u00e4ftsf\u00e4lle und wie CLOOMA Ihnen hilft, die Schleife zu schlie\u00dfen.","robots":{"index":"index","follow":"follow","max-snippet":"max-snippet:-1","max-image-preview":"max-image-preview:large","max-video-preview":"max-video-preview:-1"},"canonical":"https:\/\/clooma.ai\/de\/business-case-luxury-manufacturing\/","og_locale":"de_DE","og_type":"article","og_title":"Business Case : Luxury Manufacturing - Clooma","og_description":"Our expertise in the Luxury Industry. Discover our Business Cases and how CLOOMA helps you closed the loop.","og_url":"https:\/\/clooma.ai\/de\/business-case-luxury-manufacturing\/","og_site_name":"Clooma","article_modified_time":"2025-11-25T13:37:28+00:00","twitter_card":"summary_large_image","twitter_misc":{"Gesch\u00e4tzte Lesezeit":"4\u00a0Minuten"},"schema":{"@context":"https:\/\/schema.org","@graph":[{"@type":"WebPage","@id":"https:\/\/clooma.ai\/business-case-luxury-manufacturing\/","url":"https:\/\/clooma.ai\/business-case-luxury-manufacturing\/","name":"Business Case: Luxury Manufacturing - Clooma","isPartOf":{"@id":"https:\/\/clooma.ai\/#website"},"datePublished":"2025-10-08T12:02:39+00:00","dateModified":"2025-11-25T13:37:28+00:00","description":"Unser Fachwissen in der Luxusindustrie. Entdecken Sie unsere Gesch\u00e4ftsf\u00e4lle und wie CLOOMA Ihnen hilft, die Schleife zu schlie\u00dfen.","breadcrumb":{"@id":"https:\/\/clooma.ai\/business-case-luxury-manufacturing\/#breadcrumb"},"inLanguage":"de","potentialAction":[{"@type":"ReadAction","target":["https:\/\/clooma.ai\/business-case-luxury-manufacturing\/"]}]},{"@type":"BreadcrumbList","@id":"https:\/\/clooma.ai\/business-case-luxury-manufacturing\/#breadcrumb","itemListElement":[{"@type":"ListItem","position":1,"name":"Accueil","item":"https:\/\/clooma.ai\/"},{"@type":"ListItem","position":2,"name":"Business Case : Luxury Manufacturing"}]},{"@type":"WebSite","@id":"https:\/\/clooma.ai\/#website","url":"https:\/\/clooma.ai\/","name":"Clooma","description":"Close the loop, master the future","potentialAction":[{"@type":"SearchAction","target":{"@type":"EntryPoint","urlTemplate":"https:\/\/clooma.ai\/?s={search_term_string}"},"query-input":{"@type":"PropertyValueSpecification","valueRequired":true,"valueName":"search_term_string"}}],"inLanguage":"de"}]}},"_links":{"self":[{"href":"https:\/\/clooma.ai\/de\/wp-json\/wp\/v2\/pages\/4250","targetHints":{"allow":["GET"]}}],"collection":[{"href":"https:\/\/clooma.ai\/de\/wp-json\/wp\/v2\/pages"}],"about":[{"href":"https:\/\/clooma.ai\/de\/wp-json\/wp\/v2\/types\/page"}],"author":[{"embeddable":true,"href":"https:\/\/clooma.ai\/de\/wp-json\/wp\/v2\/users\/4"}],"replies":[{"embeddable":true,"href":"https:\/\/clooma.ai\/de\/wp-json\/wp\/v2\/comments?post=4250"}],"version-history":[{"count":5,"href":"https:\/\/clooma.ai\/de\/wp-json\/wp\/v2\/pages\/4250\/revisions"}],"predecessor-version":[{"id":4483,"href":"https:\/\/clooma.ai\/de\/wp-json\/wp\/v2\/pages\/4250\/revisions\/4483"}],"wp:attachment":[{"href":"https:\/\/clooma.ai\/de\/wp-json\/wp\/v2\/media?parent=4250"}],"wp:term":[{"taxonomy":"category","embeddable":true,"href":"https:\/\/clooma.ai\/de\/wp-json\/wp\/v2\/categories?post=4250"},{"taxonomy":"post_tag","embeddable":true,"href":"https:\/\/clooma.ai\/de\/wp-json\/wp\/v2\/tags?post=4250"}],"curies":[{"name":"wp","href":"https:\/\/api.w.org\/{rel}","templated":true}]}}