{"id":4275,"date":"2025-10-14T05:14:51","date_gmt":"2025-10-14T10:14:51","guid":{"rendered":"https:\/\/clooma.ai\/?page_id=4275"},"modified":"2025-11-19T07:17:58","modified_gmt":"2025-11-19T13:17:58","slug":"te-vagy-a-vezerigazgato","status":"publish","type":"page","link":"https:\/\/clooma.ai\/hu\/te-vagy-a-vezerigazgato\/","title":{"rendered":"\u00d6n - vez\u00e9rigazgat\u00f3"},"content":{"rendered":"","protected":false},"excerpt":{"rendered":"","protected":false},"author":4,"featured_media":1365,"parent":0,"menu_order":0,"comment_status":"closed","ping_status":"closed","template":"","meta":{"_acf_changed":false,"footnotes":""},"categories":[],"tags":[],"class_list":["post-4275","page","type-page","status-publish","has-post-thumbnail","hentry"],"acf":[],"yoast_head":"<!-- This site is optimized with the Yoast SEO plugin v25.9 - https:\/\/yoast.com\/wordpress\/plugins\/seo\/ -->\n<title>You are - CEO - Clooma<\/title>\n<meta name=\"description\" content=\"Optimize your manufacturing process with CLOOMA\u2019s closed-loop manufacturing software. Reduce waste, improve quality, and boost profitability.\" \/>\n<meta name=\"robots\" content=\"index, follow, max-snippet:-1, max-image-preview:large, max-video-preview:-1\" \/>\n<link rel=\"canonical\" href=\"https:\/\/clooma.ai\/hu\/te-vagy-a-vezerigazgato\/\" \/>\n<meta property=\"og:locale\" content=\"hu_HU\" \/>\n<meta property=\"og:type\" content=\"article\" \/>\n<meta property=\"og:title\" content=\"You are - CEO - Clooma\" \/>\n<meta property=\"og:description\" content=\"Optimize your manufacturing process with CLOOMA\u2019s closed-loop manufacturing software. Reduce waste, improve quality, and boost profitability.\" \/>\n<meta property=\"og:url\" content=\"https:\/\/clooma.ai\/hu\/te-vagy-a-vezerigazgato\/\" \/>\n<meta property=\"og:site_name\" content=\"Clooma\" \/>\n<meta property=\"article:modified_time\" content=\"2025-11-19T13:17:58+00:00\" \/>\n<meta property=\"og:image\" content=\"https:\/\/clooma.ai\/wp-content\/uploads\/2024\/09\/references-header-2048x1534-1.jpg\" \/>\n\t<meta property=\"og:image:width\" content=\"2048\" \/>\n\t<meta property=\"og:image:height\" content=\"1534\" \/>\n\t<meta property=\"og:image:type\" content=\"image\/jpeg\" \/>\n<meta name=\"twitter:card\" content=\"summary_large_image\" \/>\n<meta name=\"twitter:label1\" content=\"Becs\u00fclt olvas\u00e1si id\u0151\" \/>\n\t<meta name=\"twitter:data1\" content=\"4 perc\" \/>\n<script type=\"application\/ld+json\" class=\"yoast-schema-graph\">{\"@context\":\"https:\/\/schema.org\",\"@graph\":[{\"@type\":\"WebPage\",\"@id\":\"https:\/\/clooma.ai\/you-are-ceo\/\",\"url\":\"https:\/\/clooma.ai\/you-are-ceo\/\",\"name\":\"You are - CEO - Clooma\",\"isPartOf\":{\"@id\":\"https:\/\/clooma.ai\/#website\"},\"primaryImageOfPage\":{\"@id\":\"https:\/\/clooma.ai\/you-are-ceo\/#primaryimage\"},\"image\":{\"@id\":\"https:\/\/clooma.ai\/you-are-ceo\/#primaryimage\"},\"thumbnailUrl\":\"https:\/\/clooma.ai\/wp-content\/uploads\/2024\/09\/references-header-2048x1534-1.jpg\",\"datePublished\":\"2025-10-14T10:14:51+00:00\",\"dateModified\":\"2025-11-19T13:17:58+00:00\",\"description\":\"Optimize your manufacturing process with CLOOMA\u2019s closed-loop manufacturing software. Reduce waste, improve quality, and boost profitability.\",\"breadcrumb\":{\"@id\":\"https:\/\/clooma.ai\/you-are-ceo\/#breadcrumb\"},\"inLanguage\":\"hu\",\"potentialAction\":[{\"@type\":\"ReadAction\",\"target\":[\"https:\/\/clooma.ai\/you-are-ceo\/\"]}]},{\"@type\":\"ImageObject\",\"inLanguage\":\"hu\",\"@id\":\"https:\/\/clooma.ai\/you-are-ceo\/#primaryimage\",\"url\":\"https:\/\/clooma.ai\/wp-content\/uploads\/2024\/09\/references-header-2048x1534-1.jpg\",\"contentUrl\":\"https:\/\/clooma.ai\/wp-content\/uploads\/2024\/09\/references-header-2048x1534-1.jpg\",\"width\":2048,\"height\":1534,\"caption\":\"Two executives shaking hands, symbolizing strategic manufacturing partnership.\"},{\"@type\":\"BreadcrumbList\",\"@id\":\"https:\/\/clooma.ai\/you-are-ceo\/#breadcrumb\",\"itemListElement\":[{\"@type\":\"ListItem\",\"position\":1,\"name\":\"Accueil\",\"item\":\"https:\/\/clooma.ai\/\"},{\"@type\":\"ListItem\",\"position\":2,\"name\":\"You are &#8211; CEO\"}]},{\"@type\":\"WebSite\",\"@id\":\"https:\/\/clooma.ai\/#website\",\"url\":\"https:\/\/clooma.ai\/\",\"name\":\"Clooma\",\"description\":\"Close the loop, master the future\",\"potentialAction\":[{\"@type\":\"SearchAction\",\"target\":{\"@type\":\"EntryPoint\",\"urlTemplate\":\"https:\/\/clooma.ai\/?s={search_term_string}\"},\"query-input\":{\"@type\":\"PropertyValueSpecification\",\"valueRequired\":true,\"valueName\":\"search_term_string\"}}],\"inLanguage\":\"hu\"}]}<\/script>\n<!-- \/ Yoast SEO plugin. -->","yoast_head_json":{"title":"\u00d6n - CEO - Clooma","description":"Optimaliz\u00e1lja gy\u00e1rt\u00e1si folyamat\u00e1t a CLOOMA z\u00e1rtk\u00f6r\u0171 gy\u00e1rt\u00e1si szoftver\u00e9vel. Cs\u00f6kkentse a hullad\u00e9kot, jav\u00edtsa a min\u0151s\u00e9get \u00e9s n\u00f6velje a nyeres\u00e9gess\u00e9get.","robots":{"index":"index","follow":"follow","max-snippet":"max-snippet:-1","max-image-preview":"max-image-preview:large","max-video-preview":"max-video-preview:-1"},"canonical":"https:\/\/clooma.ai\/hu\/te-vagy-a-vezerigazgato\/","og_locale":"hu_HU","og_type":"article","og_title":"You are - CEO - Clooma","og_description":"Optimize your manufacturing process with CLOOMA\u2019s closed-loop manufacturing software. Reduce waste, improve quality, and boost profitability.","og_url":"https:\/\/clooma.ai\/hu\/te-vagy-a-vezerigazgato\/","og_site_name":"Clooma","article_modified_time":"2025-11-19T13:17:58+00:00","og_image":[{"width":2048,"height":1534,"url":"https:\/\/clooma.ai\/wp-content\/uploads\/2024\/09\/references-header-2048x1534-1.jpg","type":"image\/jpeg"}],"twitter_card":"summary_large_image","twitter_misc":{"Becs\u00fclt olvas\u00e1si id\u0151":"4 perc"},"schema":{"@context":"https:\/\/schema.org","@graph":[{"@type":"WebPage","@id":"https:\/\/clooma.ai\/you-are-ceo\/","url":"https:\/\/clooma.ai\/you-are-ceo\/","name":"\u00d6n - CEO - Clooma","isPartOf":{"@id":"https:\/\/clooma.ai\/#website"},"primaryImageOfPage":{"@id":"https:\/\/clooma.ai\/you-are-ceo\/#primaryimage"},"image":{"@id":"https:\/\/clooma.ai\/you-are-ceo\/#primaryimage"},"thumbnailUrl":"https:\/\/clooma.ai\/wp-content\/uploads\/2024\/09\/references-header-2048x1534-1.jpg","datePublished":"2025-10-14T10:14:51+00:00","dateModified":"2025-11-19T13:17:58+00:00","description":"Optimaliz\u00e1lja gy\u00e1rt\u00e1si folyamat\u00e1t a CLOOMA z\u00e1rtk\u00f6r\u0171 gy\u00e1rt\u00e1si szoftver\u00e9vel. Cs\u00f6kkentse a hullad\u00e9kot, jav\u00edtsa a min\u0151s\u00e9get \u00e9s n\u00f6velje a nyeres\u00e9gess\u00e9get.","breadcrumb":{"@id":"https:\/\/clooma.ai\/you-are-ceo\/#breadcrumb"},"inLanguage":"hu","potentialAction":[{"@type":"ReadAction","target":["https:\/\/clooma.ai\/you-are-ceo\/"]}]},{"@type":"ImageObject","inLanguage":"hu","@id":"https:\/\/clooma.ai\/you-are-ceo\/#primaryimage","url":"https:\/\/clooma.ai\/wp-content\/uploads\/2024\/09\/references-header-2048x1534-1.jpg","contentUrl":"https:\/\/clooma.ai\/wp-content\/uploads\/2024\/09\/references-header-2048x1534-1.jpg","width":2048,"height":1534,"caption":"Two executives shaking hands, symbolizing strategic manufacturing partnership."},{"@type":"BreadcrumbList","@id":"https:\/\/clooma.ai\/you-are-ceo\/#breadcrumb","itemListElement":[{"@type":"ListItem","position":1,"name":"Accueil","item":"https:\/\/clooma.ai\/"},{"@type":"ListItem","position":2,"name":"You are &#8211; CEO"}]},{"@type":"WebSite","@id":"https:\/\/clooma.ai\/#website","url":"https:\/\/clooma.ai\/","name":"Clooma","description":"Z\u00e1rd be a hurkot, ir\u00e1ny\u00edtsd a j\u00f6v\u0151t","potentialAction":[{"@type":"SearchAction","target":{"@type":"EntryPoint","urlTemplate":"https:\/\/clooma.ai\/?s={search_term_string}"},"query-input":{"@type":"PropertyValueSpecification","valueRequired":true,"valueName":"search_term_string"}}],"inLanguage":"hu"}]}},"_links":{"self":[{"href":"https:\/\/clooma.ai\/hu\/wp-json\/wp\/v2\/pages\/4275","targetHints":{"allow":["GET"]}}],"collection":[{"href":"https:\/\/clooma.ai\/hu\/wp-json\/wp\/v2\/pages"}],"about":[{"href":"https:\/\/clooma.ai\/hu\/wp-json\/wp\/v2\/types\/page"}],"author":[{"embeddable":true,"href":"https:\/\/clooma.ai\/hu\/wp-json\/wp\/v2\/users\/4"}],"replies":[{"embeddable":true,"href":"https:\/\/clooma.ai\/hu\/wp-json\/wp\/v2\/comments?post=4275"}],"version-history":[{"count":8,"href":"https:\/\/clooma.ai\/hu\/wp-json\/wp\/v2\/pages\/4275\/revisions"}],"predecessor-version":[{"id":4440,"href":"https:\/\/clooma.ai\/hu\/wp-json\/wp\/v2\/pages\/4275\/revisions\/4440"}],"wp:featuredmedia":[{"embeddable":true,"href":"https:\/\/clooma.ai\/hu\/wp-json\/wp\/v2\/media\/1365"}],"wp:attachment":[{"href":"https:\/\/clooma.ai\/hu\/wp-json\/wp\/v2\/media?parent=4275"}],"wp:term":[{"taxonomy":"category","embeddable":true,"href":"https:\/\/clooma.ai\/hu\/wp-json\/wp\/v2\/categories?post=4275"},{"taxonomy":"post_tag","embeddable":true,"href":"https:\/\/clooma.ai\/hu\/wp-json\/wp\/v2\/tags?post=4275"}],"curies":[{"name":"wp","href":"https:\/\/api.w.org\/{rel}","templated":true}]}}