{"id":4316,"date":"2025-10-22T14:42:28","date_gmt":"2025-10-22T19:42:28","guid":{"rendered":"https:\/\/clooma.ai\/?page_id=4316"},"modified":"2025-11-17T08:05:56","modified_gmt":"2025-11-17T14:05:56","slug":"on-az-uzem-vezetoje","status":"publish","type":"page","link":"https:\/\/clooma.ai\/hu\/on-az-uzem-vezetoje\/","title":{"rendered":"\u00d6n - Plant Manager"},"content":{"rendered":"","protected":false},"excerpt":{"rendered":"","protected":false},"author":4,"featured_media":0,"parent":0,"menu_order":0,"comment_status":"closed","ping_status":"closed","template":"","meta":{"_acf_changed":false,"footnotes":""},"categories":[],"tags":[],"class_list":["post-4316","page","type-page","status-publish","hentry"],"acf":[],"yoast_head":"<!-- This site is optimized with the Yoast SEO plugin v25.9 - https:\/\/yoast.com\/wordpress\/plugins\/seo\/ -->\n<title>You are - Plant Manager - Clooma<\/title>\n<meta name=\"description\" content=\"Every minute spent recalculating offsets or tweaking parameters is time lost on what really matters. With CLOOMA, adjustments are automated.\" \/>\n<meta name=\"robots\" content=\"index, follow, max-snippet:-1, max-image-preview:large, max-video-preview:-1\" \/>\n<link rel=\"canonical\" href=\"https:\/\/clooma.ai\/hu\/on-az-uzem-vezetoje\/\" \/>\n<meta property=\"og:locale\" content=\"hu_HU\" \/>\n<meta property=\"og:type\" content=\"article\" \/>\n<meta property=\"og:title\" content=\"You are - Plant Manager - Clooma\" \/>\n<meta property=\"og:description\" content=\"Every minute spent recalculating offsets or tweaking parameters is time lost on what really matters. With CLOOMA, adjustments are automated.\" \/>\n<meta property=\"og:url\" content=\"https:\/\/clooma.ai\/hu\/on-az-uzem-vezetoje\/\" \/>\n<meta property=\"og:site_name\" content=\"Clooma\" \/>\n<meta property=\"article:modified_time\" content=\"2025-11-17T14:05:56+00:00\" \/>\n<meta name=\"twitter:card\" content=\"summary_large_image\" \/>\n<meta name=\"twitter:label1\" content=\"Becs\u00fclt olvas\u00e1si id\u0151\" \/>\n\t<meta name=\"twitter:data1\" content=\"4 perc\" \/>\n<script type=\"application\/ld+json\" class=\"yoast-schema-graph\">{\"@context\":\"https:\/\/schema.org\",\"@graph\":[{\"@type\":\"WebPage\",\"@id\":\"https:\/\/clooma.ai\/you-are-plant-manager\/\",\"url\":\"https:\/\/clooma.ai\/you-are-plant-manager\/\",\"name\":\"You are - Plant Manager - Clooma\",\"isPartOf\":{\"@id\":\"https:\/\/clooma.ai\/#website\"},\"datePublished\":\"2025-10-22T19:42:28+00:00\",\"dateModified\":\"2025-11-17T14:05:56+00:00\",\"description\":\"Every minute spent recalculating offsets or tweaking parameters is time lost on what really matters. With CLOOMA, adjustments are automated.\",\"breadcrumb\":{\"@id\":\"https:\/\/clooma.ai\/you-are-plant-manager\/#breadcrumb\"},\"inLanguage\":\"hu\",\"potentialAction\":[{\"@type\":\"ReadAction\",\"target\":[\"https:\/\/clooma.ai\/you-are-plant-manager\/\"]}]},{\"@type\":\"BreadcrumbList\",\"@id\":\"https:\/\/clooma.ai\/you-are-plant-manager\/#breadcrumb\",\"itemListElement\":[{\"@type\":\"ListItem\",\"position\":1,\"name\":\"Accueil\",\"item\":\"https:\/\/clooma.ai\/\"},{\"@type\":\"ListItem\",\"position\":2,\"name\":\"You are &#8211; Plant Manager\"}]},{\"@type\":\"WebSite\",\"@id\":\"https:\/\/clooma.ai\/#website\",\"url\":\"https:\/\/clooma.ai\/\",\"name\":\"Clooma\",\"description\":\"Close the loop, master the future\",\"potentialAction\":[{\"@type\":\"SearchAction\",\"target\":{\"@type\":\"EntryPoint\",\"urlTemplate\":\"https:\/\/clooma.ai\/?s={search_term_string}\"},\"query-input\":{\"@type\":\"PropertyValueSpecification\",\"valueRequired\":true,\"valueName\":\"search_term_string\"}}],\"inLanguage\":\"hu\"}]}<\/script>\n<!-- \/ Yoast SEO plugin. -->","yoast_head_json":{"title":"\u00d6n - Plant Manager - Clooma","description":"Minden egyes perc, amit az offsetek \u00fajrasz\u00e1m\u00edt\u00e1s\u00e1val vagy a param\u00e9terek finomhangol\u00e1s\u00e1val t\u00f6ltesz, elvesztegetett id\u0151 arra, ami igaz\u00e1n sz\u00e1m\u00edt. A CLOOMA-val a be\u00e1ll\u00edt\u00e1sok automatiz\u00e1ltak.","robots":{"index":"index","follow":"follow","max-snippet":"max-snippet:-1","max-image-preview":"max-image-preview:large","max-video-preview":"max-video-preview:-1"},"canonical":"https:\/\/clooma.ai\/hu\/on-az-uzem-vezetoje\/","og_locale":"hu_HU","og_type":"article","og_title":"You are - Plant Manager - Clooma","og_description":"Every minute spent recalculating offsets or tweaking parameters is time lost on what really matters. With CLOOMA, adjustments are automated.","og_url":"https:\/\/clooma.ai\/hu\/on-az-uzem-vezetoje\/","og_site_name":"Clooma","article_modified_time":"2025-11-17T14:05:56+00:00","twitter_card":"summary_large_image","twitter_misc":{"Becs\u00fclt olvas\u00e1si id\u0151":"4 perc"},"schema":{"@context":"https:\/\/schema.org","@graph":[{"@type":"WebPage","@id":"https:\/\/clooma.ai\/you-are-plant-manager\/","url":"https:\/\/clooma.ai\/you-are-plant-manager\/","name":"\u00d6n - Plant Manager - Clooma","isPartOf":{"@id":"https:\/\/clooma.ai\/#website"},"datePublished":"2025-10-22T19:42:28+00:00","dateModified":"2025-11-17T14:05:56+00:00","description":"Minden egyes perc, amit az offsetek \u00fajrasz\u00e1m\u00edt\u00e1s\u00e1val vagy a param\u00e9terek finomhangol\u00e1s\u00e1val t\u00f6ltesz, elvesztegetett id\u0151 arra, ami igaz\u00e1n sz\u00e1m\u00edt. A CLOOMA-val a be\u00e1ll\u00edt\u00e1sok automatiz\u00e1ltak.","breadcrumb":{"@id":"https:\/\/clooma.ai\/you-are-plant-manager\/#breadcrumb"},"inLanguage":"hu","potentialAction":[{"@type":"ReadAction","target":["https:\/\/clooma.ai\/you-are-plant-manager\/"]}]},{"@type":"BreadcrumbList","@id":"https:\/\/clooma.ai\/you-are-plant-manager\/#breadcrumb","itemListElement":[{"@type":"ListItem","position":1,"name":"Accueil","item":"https:\/\/clooma.ai\/"},{"@type":"ListItem","position":2,"name":"You are &#8211; Plant Manager"}]},{"@type":"WebSite","@id":"https:\/\/clooma.ai\/#website","url":"https:\/\/clooma.ai\/","name":"Clooma","description":"Z\u00e1rd be a hurkot, ir\u00e1ny\u00edtsd a j\u00f6v\u0151t","potentialAction":[{"@type":"SearchAction","target":{"@type":"EntryPoint","urlTemplate":"https:\/\/clooma.ai\/?s={search_term_string}"},"query-input":{"@type":"PropertyValueSpecification","valueRequired":true,"valueName":"search_term_string"}}],"inLanguage":"hu"}]}},"_links":{"self":[{"href":"https:\/\/clooma.ai\/hu\/wp-json\/wp\/v2\/pages\/4316","targetHints":{"allow":["GET"]}}],"collection":[{"href":"https:\/\/clooma.ai\/hu\/wp-json\/wp\/v2\/pages"}],"about":[{"href":"https:\/\/clooma.ai\/hu\/wp-json\/wp\/v2\/types\/page"}],"author":[{"embeddable":true,"href":"https:\/\/clooma.ai\/hu\/wp-json\/wp\/v2\/users\/4"}],"replies":[{"embeddable":true,"href":"https:\/\/clooma.ai\/hu\/wp-json\/wp\/v2\/comments?post=4316"}],"version-history":[{"count":7,"href":"https:\/\/clooma.ai\/hu\/wp-json\/wp\/v2\/pages\/4316\/revisions"}],"predecessor-version":[{"id":4402,"href":"https:\/\/clooma.ai\/hu\/wp-json\/wp\/v2\/pages\/4316\/revisions\/4402"}],"wp:attachment":[{"href":"https:\/\/clooma.ai\/hu\/wp-json\/wp\/v2\/media?parent=4316"}],"wp:term":[{"taxonomy":"category","embeddable":true,"href":"https:\/\/clooma.ai\/hu\/wp-json\/wp\/v2\/categories?post=4316"},{"taxonomy":"post_tag","embeddable":true,"href":"https:\/\/clooma.ai\/hu\/wp-json\/wp\/v2\/tags?post=4316"}],"curies":[{"name":"wp","href":"https:\/\/api.w.org\/{rel}","templated":true}]}}