{"id":4319,"date":"2025-10-22T14:48:28","date_gmt":"2025-10-22T19:48:28","guid":{"rendered":"https:\/\/clooma.ai\/?page_id=4319"},"modified":"2025-11-19T08:56:16","modified_gmt":"2025-11-19T14:56:16","slug":"te-vagy-a-minosegugyi-vezeto","status":"publish","type":"page","link":"https:\/\/clooma.ai\/hu\/te-vagy-a-minosegugyi-vezeto\/","title":{"rendered":"\u00d6n - Min\u0151s\u00e9g\u00fcgyi vezet\u0151"},"content":{"rendered":"","protected":false},"excerpt":{"rendered":"","protected":false},"author":4,"featured_media":0,"parent":0,"menu_order":0,"comment_status":"closed","ping_status":"closed","template":"","meta":{"_acf_changed":false,"footnotes":""},"categories":[],"tags":[],"class_list":["post-4319","page","type-page","status-publish","hentry"],"acf":[],"yoast_head":"<!-- This site is optimized with the Yoast SEO plugin v25.9 - https:\/\/yoast.com\/wordpress\/plugins\/seo\/ -->\n<title>You are - Head of Quality - Clooma<\/title>\n<meta name=\"description\" content=\"Audits are getting tougher, standards stricter, and data requirements heavier. CLOOMA helps head of quality meet these growing demands.\" \/>\n<meta name=\"robots\" content=\"index, follow, max-snippet:-1, max-image-preview:large, max-video-preview:-1\" \/>\n<link rel=\"canonical\" href=\"https:\/\/clooma.ai\/hu\/te-vagy-a-minosegugyi-vezeto\/\" \/>\n<meta property=\"og:locale\" content=\"hu_HU\" \/>\n<meta property=\"og:type\" content=\"article\" \/>\n<meta property=\"og:title\" content=\"You are - Head of Quality - Clooma\" \/>\n<meta property=\"og:description\" content=\"Audits are getting tougher, standards stricter, and data requirements heavier. CLOOMA helps head of quality meet these growing demands.\" \/>\n<meta property=\"og:url\" content=\"https:\/\/clooma.ai\/hu\/te-vagy-a-minosegugyi-vezeto\/\" \/>\n<meta property=\"og:site_name\" content=\"Clooma\" \/>\n<meta property=\"article:modified_time\" content=\"2025-11-19T14:56:16+00:00\" \/>\n<meta name=\"twitter:card\" content=\"summary_large_image\" \/>\n<meta name=\"twitter:label1\" content=\"Becs\u00fclt olvas\u00e1si id\u0151\" \/>\n\t<meta name=\"twitter:data1\" content=\"4 perc\" \/>\n<script type=\"application\/ld+json\" class=\"yoast-schema-graph\">{\"@context\":\"https:\/\/schema.org\",\"@graph\":[{\"@type\":\"WebPage\",\"@id\":\"https:\/\/clooma.ai\/you-are-head-of-quality\/\",\"url\":\"https:\/\/clooma.ai\/you-are-head-of-quality\/\",\"name\":\"You are - Head of Quality - Clooma\",\"isPartOf\":{\"@id\":\"https:\/\/clooma.ai\/#website\"},\"datePublished\":\"2025-10-22T19:48:28+00:00\",\"dateModified\":\"2025-11-19T14:56:16+00:00\",\"description\":\"Audits are getting tougher, standards stricter, and data requirements heavier. CLOOMA helps head of quality meet these growing demands.\",\"breadcrumb\":{\"@id\":\"https:\/\/clooma.ai\/you-are-head-of-quality\/#breadcrumb\"},\"inLanguage\":\"hu\",\"potentialAction\":[{\"@type\":\"ReadAction\",\"target\":[\"https:\/\/clooma.ai\/you-are-head-of-quality\/\"]}]},{\"@type\":\"BreadcrumbList\",\"@id\":\"https:\/\/clooma.ai\/you-are-head-of-quality\/#breadcrumb\",\"itemListElement\":[{\"@type\":\"ListItem\",\"position\":1,\"name\":\"Accueil\",\"item\":\"https:\/\/clooma.ai\/\"},{\"@type\":\"ListItem\",\"position\":2,\"name\":\"You are &#8211; Head of Quality\"}]},{\"@type\":\"WebSite\",\"@id\":\"https:\/\/clooma.ai\/#website\",\"url\":\"https:\/\/clooma.ai\/\",\"name\":\"Clooma\",\"description\":\"Close the loop, master the future\",\"potentialAction\":[{\"@type\":\"SearchAction\",\"target\":{\"@type\":\"EntryPoint\",\"urlTemplate\":\"https:\/\/clooma.ai\/?s={search_term_string}\"},\"query-input\":{\"@type\":\"PropertyValueSpecification\",\"valueRequired\":true,\"valueName\":\"search_term_string\"}}],\"inLanguage\":\"hu\"}]}<\/script>\n<!-- \/ Yoast SEO plugin. -->","yoast_head_json":{"title":"\u00d6n - Min\u0151s\u00e9g\u00fcgyi vezet\u0151 - Clooma","description":"Az ellen\u0151rz\u00e9sek egyre szigor\u00fabbak, a szabv\u00e1nyok egyre szigor\u00fabbak, az adatszolg\u00e1ltat\u00e1si k\u00f6vetelm\u00e9nyek pedig egyre nagyobbak. A CLOOMA seg\u00edt a min\u0151s\u00e9g\u00fcgyi vezet\u0151knek megfelelni ezeknek a n\u00f6vekv\u0151 k\u00f6vetelm\u00e9nyeknek.","robots":{"index":"index","follow":"follow","max-snippet":"max-snippet:-1","max-image-preview":"max-image-preview:large","max-video-preview":"max-video-preview:-1"},"canonical":"https:\/\/clooma.ai\/hu\/te-vagy-a-minosegugyi-vezeto\/","og_locale":"hu_HU","og_type":"article","og_title":"You are - Head of Quality - Clooma","og_description":"Audits are getting tougher, standards stricter, and data requirements heavier. CLOOMA helps head of quality meet these growing demands.","og_url":"https:\/\/clooma.ai\/hu\/te-vagy-a-minosegugyi-vezeto\/","og_site_name":"Clooma","article_modified_time":"2025-11-19T14:56:16+00:00","twitter_card":"summary_large_image","twitter_misc":{"Becs\u00fclt olvas\u00e1si id\u0151":"4 perc"},"schema":{"@context":"https:\/\/schema.org","@graph":[{"@type":"WebPage","@id":"https:\/\/clooma.ai\/you-are-head-of-quality\/","url":"https:\/\/clooma.ai\/you-are-head-of-quality\/","name":"\u00d6n - Min\u0151s\u00e9g\u00fcgyi vezet\u0151 - Clooma","isPartOf":{"@id":"https:\/\/clooma.ai\/#website"},"datePublished":"2025-10-22T19:48:28+00:00","dateModified":"2025-11-19T14:56:16+00:00","description":"Az ellen\u0151rz\u00e9sek egyre szigor\u00fabbak, a szabv\u00e1nyok egyre szigor\u00fabbak, az adatszolg\u00e1ltat\u00e1si k\u00f6vetelm\u00e9nyek pedig egyre nagyobbak. A CLOOMA seg\u00edt a min\u0151s\u00e9g\u00fcgyi vezet\u0151knek megfelelni ezeknek a n\u00f6vekv\u0151 k\u00f6vetelm\u00e9nyeknek.","breadcrumb":{"@id":"https:\/\/clooma.ai\/you-are-head-of-quality\/#breadcrumb"},"inLanguage":"hu","potentialAction":[{"@type":"ReadAction","target":["https:\/\/clooma.ai\/you-are-head-of-quality\/"]}]},{"@type":"BreadcrumbList","@id":"https:\/\/clooma.ai\/you-are-head-of-quality\/#breadcrumb","itemListElement":[{"@type":"ListItem","position":1,"name":"Accueil","item":"https:\/\/clooma.ai\/"},{"@type":"ListItem","position":2,"name":"You are &#8211; Head of Quality"}]},{"@type":"WebSite","@id":"https:\/\/clooma.ai\/#website","url":"https:\/\/clooma.ai\/","name":"Clooma","description":"Z\u00e1rd be a hurkot, ir\u00e1ny\u00edtsd a j\u00f6v\u0151t","potentialAction":[{"@type":"SearchAction","target":{"@type":"EntryPoint","urlTemplate":"https:\/\/clooma.ai\/?s={search_term_string}"},"query-input":{"@type":"PropertyValueSpecification","valueRequired":true,"valueName":"search_term_string"}}],"inLanguage":"hu"}]}},"_links":{"self":[{"href":"https:\/\/clooma.ai\/hu\/wp-json\/wp\/v2\/pages\/4319","targetHints":{"allow":["GET"]}}],"collection":[{"href":"https:\/\/clooma.ai\/hu\/wp-json\/wp\/v2\/pages"}],"about":[{"href":"https:\/\/clooma.ai\/hu\/wp-json\/wp\/v2\/types\/page"}],"author":[{"embeddable":true,"href":"https:\/\/clooma.ai\/hu\/wp-json\/wp\/v2\/users\/4"}],"replies":[{"embeddable":true,"href":"https:\/\/clooma.ai\/hu\/wp-json\/wp\/v2\/comments?post=4319"}],"version-history":[{"count":10,"href":"https:\/\/clooma.ai\/hu\/wp-json\/wp\/v2\/pages\/4319\/revisions"}],"predecessor-version":[{"id":4458,"href":"https:\/\/clooma.ai\/hu\/wp-json\/wp\/v2\/pages\/4319\/revisions\/4458"}],"wp:attachment":[{"href":"https:\/\/clooma.ai\/hu\/wp-json\/wp\/v2\/media?parent=4319"}],"wp:term":[{"taxonomy":"category","embeddable":true,"href":"https:\/\/clooma.ai\/hu\/wp-json\/wp\/v2\/categories?post=4319"},{"taxonomy":"post_tag","embeddable":true,"href":"https:\/\/clooma.ai\/hu\/wp-json\/wp\/v2\/tags?post=4319"}],"curies":[{"name":"wp","href":"https:\/\/api.w.org\/{rel}","templated":true}]}}