{"id":791,"date":"2024-09-03T21:05:38","date_gmt":"2024-09-03T19:05:38","guid":{"rendered":"https:\/\/site.ellistat.com\/?page_id=791"},"modified":"2025-11-05T09:24:38","modified_gmt":"2025-11-05T15:24:38","slug":"lisi-uzleti-eset","status":"publish","type":"page","link":"https:\/\/clooma.ai\/hu\/lisi-uzleti-eset\/","title":{"rendered":"\u00dczleti \u00fcgy - LISI"},"content":{"rendered":"","protected":false},"excerpt":{"rendered":"","protected":false},"author":2,"featured_media":0,"parent":0,"menu_order":0,"comment_status":"closed","ping_status":"closed","template":"","meta":{"_acf_changed":false,"footnotes":""},"categories":[],"tags":[],"class_list":["post-791","page","type-page","status-publish","hentry"],"acf":[],"yoast_head":"<!-- This site is optimized with the Yoast SEO plugin v25.9 - https:\/\/yoast.com\/wordpress\/plugins\/seo\/ -->\n<title>Business Case - LISI - Clooma<\/title>\n<meta name=\"description\" content=\"Lisi Automotive has chosen CLOOMA software solution to control its machine tools and enable autonomous manufacturing.\" \/>\n<meta name=\"robots\" content=\"index, follow, max-snippet:-1, max-image-preview:large, max-video-preview:-1\" \/>\n<link rel=\"canonical\" href=\"https:\/\/clooma.ai\/hu\/lisi-uzleti-eset\/\" \/>\n<meta property=\"og:locale\" content=\"hu_HU\" \/>\n<meta property=\"og:type\" content=\"article\" \/>\n<meta property=\"og:title\" content=\"Business Case - LISI - Clooma\" \/>\n<meta property=\"og:description\" content=\"Lisi Automotive has chosen CLOOMA software solution to control its machine tools and enable autonomous manufacturing.\" \/>\n<meta property=\"og:url\" content=\"https:\/\/clooma.ai\/hu\/lisi-uzleti-eset\/\" \/>\n<meta property=\"og:site_name\" content=\"Clooma\" \/>\n<meta property=\"article:modified_time\" content=\"2025-11-05T15:24:38+00:00\" \/>\n<meta name=\"twitter:card\" content=\"summary_large_image\" \/>\n<meta name=\"twitter:label1\" content=\"Becs\u00fclt olvas\u00e1si id\u0151\" \/>\n\t<meta name=\"twitter:data1\" content=\"4 perc\" \/>\n<script type=\"application\/ld+json\" class=\"yoast-schema-graph\">{\"@context\":\"https:\/\/schema.org\",\"@graph\":[{\"@type\":\"WebPage\",\"@id\":\"https:\/\/clooma.ai\/business-case-lisi\/\",\"url\":\"https:\/\/clooma.ai\/business-case-lisi\/\",\"name\":\"Business Case - LISI - Clooma\",\"isPartOf\":{\"@id\":\"https:\/\/clooma.ai\/#website\"},\"datePublished\":\"2024-09-03T19:05:38+00:00\",\"dateModified\":\"2025-11-05T15:24:38+00:00\",\"description\":\"Lisi Automotive has chosen CLOOMA software solution to control its machine tools and enable autonomous manufacturing.\",\"breadcrumb\":{\"@id\":\"https:\/\/clooma.ai\/business-case-lisi\/#breadcrumb\"},\"inLanguage\":\"hu\",\"potentialAction\":[{\"@type\":\"ReadAction\",\"target\":[\"https:\/\/clooma.ai\/business-case-lisi\/\"]}]},{\"@type\":\"BreadcrumbList\",\"@id\":\"https:\/\/clooma.ai\/business-case-lisi\/#breadcrumb\",\"itemListElement\":[{\"@type\":\"ListItem\",\"position\":1,\"name\":\"Accueil\",\"item\":\"https:\/\/clooma.ai\/\"},{\"@type\":\"ListItem\",\"position\":2,\"name\":\"Business Case &#8211; LISI\"}]},{\"@type\":\"WebSite\",\"@id\":\"https:\/\/clooma.ai\/#website\",\"url\":\"https:\/\/clooma.ai\/\",\"name\":\"Clooma\",\"description\":\"Close the loop, master the future\",\"potentialAction\":[{\"@type\":\"SearchAction\",\"target\":{\"@type\":\"EntryPoint\",\"urlTemplate\":\"https:\/\/clooma.ai\/?s={search_term_string}\"},\"query-input\":{\"@type\":\"PropertyValueSpecification\",\"valueRequired\":true,\"valueName\":\"search_term_string\"}}],\"inLanguage\":\"hu\"}]}<\/script>\n<!-- \/ Yoast SEO plugin. -->","yoast_head_json":{"title":"\u00dczleti \u00fcgy - LISI - Clooma","description":"A Lisi Automotive a CLOOMA szoftvermegold\u00e1st v\u00e1lasztotta szersz\u00e1mg\u00e9pek vez\u00e9rl\u00e9s\u00e9re \u00e9s az auton\u00f3m gy\u00e1rt\u00e1s lehet\u0151v\u00e9 t\u00e9tel\u00e9re.","robots":{"index":"index","follow":"follow","max-snippet":"max-snippet:-1","max-image-preview":"max-image-preview:large","max-video-preview":"max-video-preview:-1"},"canonical":"https:\/\/clooma.ai\/hu\/lisi-uzleti-eset\/","og_locale":"hu_HU","og_type":"article","og_title":"Business Case - LISI - Clooma","og_description":"Lisi Automotive has chosen CLOOMA software solution to control its machine tools and enable autonomous manufacturing.","og_url":"https:\/\/clooma.ai\/hu\/lisi-uzleti-eset\/","og_site_name":"Clooma","article_modified_time":"2025-11-05T15:24:38+00:00","twitter_card":"summary_large_image","twitter_misc":{"Becs\u00fclt olvas\u00e1si id\u0151":"4 perc"},"schema":{"@context":"https:\/\/schema.org","@graph":[{"@type":"WebPage","@id":"https:\/\/clooma.ai\/business-case-lisi\/","url":"https:\/\/clooma.ai\/business-case-lisi\/","name":"\u00dczleti \u00fcgy - LISI - Clooma","isPartOf":{"@id":"https:\/\/clooma.ai\/#website"},"datePublished":"2024-09-03T19:05:38+00:00","dateModified":"2025-11-05T15:24:38+00:00","description":"A Lisi Automotive a CLOOMA szoftvermegold\u00e1st v\u00e1lasztotta szersz\u00e1mg\u00e9pek vez\u00e9rl\u00e9s\u00e9re \u00e9s az auton\u00f3m gy\u00e1rt\u00e1s lehet\u0151v\u00e9 t\u00e9tel\u00e9re.","breadcrumb":{"@id":"https:\/\/clooma.ai\/business-case-lisi\/#breadcrumb"},"inLanguage":"hu","potentialAction":[{"@type":"ReadAction","target":["https:\/\/clooma.ai\/business-case-lisi\/"]}]},{"@type":"BreadcrumbList","@id":"https:\/\/clooma.ai\/business-case-lisi\/#breadcrumb","itemListElement":[{"@type":"ListItem","position":1,"name":"Accueil","item":"https:\/\/clooma.ai\/"},{"@type":"ListItem","position":2,"name":"Business Case &#8211; LISI"}]},{"@type":"WebSite","@id":"https:\/\/clooma.ai\/#website","url":"https:\/\/clooma.ai\/","name":"Clooma","description":"Z\u00e1rd be a hurkot, ir\u00e1ny\u00edtsd a j\u00f6v\u0151t","potentialAction":[{"@type":"SearchAction","target":{"@type":"EntryPoint","urlTemplate":"https:\/\/clooma.ai\/?s={search_term_string}"},"query-input":{"@type":"PropertyValueSpecification","valueRequired":true,"valueName":"search_term_string"}}],"inLanguage":"hu"}]}},"_links":{"self":[{"href":"https:\/\/clooma.ai\/hu\/wp-json\/wp\/v2\/pages\/791","targetHints":{"allow":["GET"]}}],"collection":[{"href":"https:\/\/clooma.ai\/hu\/wp-json\/wp\/v2\/pages"}],"about":[{"href":"https:\/\/clooma.ai\/hu\/wp-json\/wp\/v2\/types\/page"}],"author":[{"embeddable":true,"href":"https:\/\/clooma.ai\/hu\/wp-json\/wp\/v2\/users\/2"}],"replies":[{"embeddable":true,"href":"https:\/\/clooma.ai\/hu\/wp-json\/wp\/v2\/comments?post=791"}],"version-history":[{"count":12,"href":"https:\/\/clooma.ai\/hu\/wp-json\/wp\/v2\/pages\/791\/revisions"}],"predecessor-version":[{"id":4272,"href":"https:\/\/clooma.ai\/hu\/wp-json\/wp\/v2\/pages\/791\/revisions\/4272"}],"wp:attachment":[{"href":"https:\/\/clooma.ai\/hu\/wp-json\/wp\/v2\/media?parent=791"}],"wp:term":[{"taxonomy":"category","embeddable":true,"href":"https:\/\/clooma.ai\/hu\/wp-json\/wp\/v2\/categories?post=791"},{"taxonomy":"post_tag","embeddable":true,"href":"https:\/\/clooma.ai\/hu\/wp-json\/wp\/v2\/tags?post=791"}],"curies":[{"name":"wp","href":"https:\/\/api.w.org\/{rel}","templated":true}]}}